{"id":10,"date":"2024-03-07T03:15:34","date_gmt":"2024-03-07T03:15:34","guid":{"rendered":"https:\/\/www.lolesgomez.com\/?page_id=10"},"modified":"2024-09-02T09:14:23","modified_gmt":"2024-09-02T14:14:23","slug":"home","status":"publish","type":"page","link":"https:\/\/www.lolesgomez.com\/es\/","title":{"rendered":"Home"},"content":{"rendered":"<p>[et_pb_section fb_built=\u00bb1&#8243; custom_padding_last_edited=\u00bbon|tablet\u00bb module_id=\u00bbasisoyyo\u00bb _builder_version=\u00bb4.24.2&#8243; _module_preset=\u00bbdefault\u00bb background_color=\u00bb#f3eedb\u00bb custom_padding=\u00bb20px||20px||true|false\u00bb custom_padding_tablet=\u00bb0px||0px||true|false\u00bb custom_padding_phone=\u00bb0px||0px||true|false\u00bb global_colors_info=\u00bb{}\u00bb][et_pb_row column_structure=\u00bb2_5,3_5&#8243; use_custom_gutter=\u00bbon\u00bb gutter_width=\u00bb2&#8243; module_id=\u00bbasisoy\u00bb _builder_version=\u00bb4.25.0&#8243; _module_preset=\u00bbdefault\u00bb width=\u00bb100%\u00bb max_width=\u00bb100%\u00bb custom_padding=\u00bb7px|25px|8px|25px|false|true\u00bb global_colors_info=\u00bb{}\u00bb][et_pb_column type=\u00bb2_5&#8243; _builder_version=\u00bb4.24.2&#8243; _module_preset=\u00bbdefault\u00bb global_colors_info=\u00bb{}\u00bb][et_pb_image src=\u00bbhttps:\/\/www.lolesgomez.com\/wp-content\/uploads\/2024\/03\/fe.png\u00bb title_text=\u00bbfe\u00bb align=\u00bbcenter\u00bb _builder_version=\u00bb4.25.0&#8243; _module_preset=\u00bbdefault\u00bb animation_style=\u00bbslide\u00bb animation_direction=\u00bbleft\u00bb sticky_position=\u00bbtop\u00bb sticky_limit_bottom=\u00bbsection\u00bb global_colors_info=\u00bb{}\u00bb][\/et_pb_image][\/et_pb_column][et_pb_column type=\u00bb3_5&#8243; _builder_version=\u00bb4.24.2&#8243; _module_preset=\u00bbdefault\u00bb global_colors_info=\u00bb{}\u00bb][et_pb_text _builder_version=\u00bb4.24.2&#8243; _module_preset=\u00bbdefault\u00bb text_font=\u00bb|700|||||||\u00bb text_text_color=\u00bb#e7453e\u00bb text_font_size=\u00bb35px\u00bb max_width=\u00bb700px\u00bb module_alignment=\u00bbcenter\u00bb animation_style=\u00bbslide\u00bb animation_direction=\u00bbright\u00bb global_colors_info=\u00bb{}\u00bb]<\/p>\n<p><span>As\u00ed soy yo\u2026<\/span><\/p>\n<p>[\/et_pb_text][et_pb_text _builder_version=\u00bb4.25.0&#8243; _module_preset=\u00bbdefault\u00bb text_font=\u00bb|300|||||||\u00bb text_text_color=\u00bb#000000&#8243; text_orientation=\u00bbjustified\u00bb max_width=\u00bb700px\u00bb module_alignment=\u00bbcenter\u00bb custom_margin=\u00bb|||-26px||\u00bb custom_padding=\u00bb||25px|||\u00bb animation_style=\u00bbslide\u00bb animation_direction=\u00bbright\u00bb global_colors_info=\u00bb{}\u00bb]<\/p>\n<p><span>\u201cMi objetivo diario; \u201cHacer que mis estudiantes sean felices\u201d.<\/span><\/p>\n<p>Orgullosa de ser galduriense, andaluza y espa\u00f1ola. Trabajo en la profesi\u00f3n m\u00e1s bonita del mundo, soy profesora y escritora. Considero que puedo cambiar el mundo a trav\u00e9s de mis estudiantes y de los lectores de mis cuentos.<\/p>\n<p>El poder favorecer la creaci\u00f3n de condiciones que permitan el pleno desarrollo personal hace sin duda de mi trabajo un proyecto ilusionante.<\/p>\n<p>Me diplom\u00e9 en Magisterio por la Universidad de Ja\u00e9n (1996), posteriormente me licenci\u00e9 en Psicopedagog\u00eda por la Universidad Oberta de Catalunya (2012).<\/p>\n<p>Mi trayectoria profesional ha llevado a ejercer mi labor como maestra en numerosos centros educativos en contextos urbanos y rurales, esto me posibilit\u00f3 el acceso al ejercicio de la Direcci\u00f3n en un Centro Educativo en Tarifa, provincia de C\u00e1diz, durante siete a\u00f1os todo ello en Espa\u00f1a.<\/p>\n<p>En el a\u00f1o 2015 me traslad\u00e9 al Principado de Andorra. Esta etapa me permiti\u00f3 conocer diferentes perspectivas dentro del marco de los 4 sistemas educativos integrados en este pa\u00eds; sistema andorrano, franc\u00e9s, brit\u00e1nico adem\u00e1s del espa\u00f1ol. Tras esa inolvidable experiencia la vida pon\u00eda ante m\u00ed la oportunidad de marchar a Estados Unidos para ejercer mi docencia, pero teniendo como marco de referencia el sistema educativo americano, En la actualidad ejerzo como maestra biling\u00fce en New Haven (Connecticut).<\/p>\n<p>Tras 25 a\u00f1os en el mundo educativo, considero la competencia emocional la piedra angular de cualquier acto educativo, es una pieza fundamental para el desarrollo integral de cualquier ni\u00f1o.<\/p>\n<p>Nunca es tarde para adquirir conocimientos, capacidades, habilidades y actitudes para comprender, expresar nuestras emociones, pero los primeros a\u00f1os de vida del ser humano representan un momento \u00f3ptimo para facilitar las herramientas necesarias para tal fin. Es una tarea constante que facilitar\u00e1 el conseguir cualquier meta que nos propongamos y en un sentido m\u00e1s amplio nuestra felicidad.<\/p>\n<p>[\/et_pb_text][et_pb_image src=\u00bbhttps:\/\/www.lolesgomez.com\/wp-content\/uploads\/2024\/04\/tu-sueno-1.png\u00bb title_text=\u00bbtu sue\u00f1o\u00bb align=\u00bbcenter\u00bb _builder_version=\u00bb4.25.0&#8243; _module_preset=\u00bbdefault\u00bb background_color=\u00bb#823e88&#8243; max_width=\u00bb80%\u00bb custom_margin=\u00bb-46px|||||\u00bb custom_padding=\u00bb25px|25px|25px|25px|true|true\u00bb animation_style=\u00bbslide\u00bb global_colors_info=\u00bb{}\u00bb][\/et_pb_image][\/et_pb_column][\/et_pb_row][\/et_pb_section][et_pb_section fb_built=\u00bb1&#8243; custom_padding_last_edited=\u00bbon|tablet\u00bb _builder_version=\u00bb4.25.0&#8243; _module_preset=\u00bbdefault\u00bb background_color=\u00bb#e96f3a\u00bb background_enable_image=\u00bboff\u00bb custom_margin=\u00bb-8px|||||\u00bb custom_padding=\u00bb38px||38px||true|false\u00bb custom_padding_tablet=\u00bb0px||0px||true|false\u00bb custom_padding_phone=\u00bb0px||0px||true|false\u00bb top_divider_style=\u00bbcurve2&#8243; top_divider_color=\u00bb#f3eedb\u00bb top_divider_height=\u00bb43px\u00bb top_divider_repeat=\u00bb1x\u00bb hover_enabled=\u00bb0&#8243; global_colors_info=\u00bb{}\u00bb sticky_enabled=\u00bb0&#8243;][et_pb_row _builder_version=\u00bb4.25.0&#8243; _module_preset=\u00bbdefault\u00bb custom_margin=\u00bb|auto|-32px|auto||\u00bb custom_padding=\u00bb||0px|||\u00bb animation_style=\u00bbslide\u00bb animation_direction=\u00bbbottom\u00bb hover_enabled=\u00bb0&#8243; global_colors_info=\u00bb{}\u00bb module_id=\u00bbventadelibros\u00bb sticky_enabled=\u00bb0&#8243;][et_pb_column type=\u00bb4_4&#8243; _builder_version=\u00bb4.24.2&#8243; _module_preset=\u00bbdefault\u00bb global_colors_info=\u00bb{}\u00bb][et_pb_image src=\u00bbhttps:\/\/www.lolesgomez.com\/wp-content\/uploads\/2024\/04\/coleccion-emociones.png\u00bb title_text=\u00bbcoleccion emociones\u00bb align=\u00bbcenter\u00bb _builder_version=\u00bb4.24.2&#8243; _module_preset=\u00bbdefault\u00bb max_width=\u00bb350px\u00bb global_colors_info=\u00bb{}\u00bb][\/et_pb_image][et_pb_text _builder_version=\u00bb4.24.2&#8243; _module_preset=\u00bbdefault\u00bb text_text_color=\u00bb#FFFFFF\u00bb text_orientation=\u00bbjustified\u00bb custom_margin=\u00bb||19px|||\u00bb global_colors_info=\u00bb{}\u00bb]<\/p>\n<p>La lectura de mi colecci\u00f3n de cuentos infantiles \u201cEmociones\u201d te propone la realizaci\u00f3n de un viaje hacia tu mundo emocional. A lo largo del viaje no solo comprender\u00e1s las causas del porqu\u00e9 te sientes de una determinada manera, sino que te aportar\u00e1 soluciones para que tus estados \u00e1nimo cambien y te hagan sentir mejor y puedas afrontar cualquier situaci\u00f3n con valent\u00eda.<\/p>\n<p>Son cuentos f\u00e1ciles de leer en cualquier entorno, que activar\u00e1n tu imaginaci\u00f3n y creatividad. Poseen actividades pr\u00e1cticas que ayudar\u00e1n a integrar peque\u00f1os cambios en tu vida diaria y que tendr\u00e1n repercusi\u00f3n en tu futuro m\u00e1s inmediato.<\/p>\n<p>[\/et_pb_text][et_pb_shop type=\u00bblatest\u00bb columns_number=\u00bb5&#8243; hover_icon=\u00bb&#xf518;||fa||900&#8243; show_name=\u00bboff\u00bb show_price=\u00bboff\u00bb show_rating=\u00bboff\u00bb show_sale_badge=\u00bboff\u00bb _builder_version=\u00bb4.24.2&#8243; _module_preset=\u00bbdefault\u00bb custom_padding=\u00bb||0px|||\u00bb global_colors_info=\u00bb{}\u00bb][\/et_pb_shop][\/et_pb_column][\/et_pb_row][\/et_pb_section][et_pb_section fb_built=\u00bb1&#8243; prev_background_color=\u00bb#e96f3a\u00bb module_id=\u00bbasesoramiento\u00bb _builder_version=\u00bb4.25.0&#8243; _module_preset=\u00bbdefault\u00bb custom_margin=\u00bb0px||||false|false\u00bb custom_padding=\u00bb0px||0px||false|false\u00bb top_divider_style=\u00bbcurve2&#8243; top_divider_height=\u00bb13px\u00bb top_divider_arrangement=\u00bbabove_content\u00bb global_colors_info=\u00bb{}\u00bb][et_pb_row column_structure=\u00bb1_3,1_3,1_3&#8243; use_custom_gutter=\u00bbon\u00bb gutter_width=\u00bb1&#8243; make_equal=\u00bbon\u00bb _builder_version=\u00bb4.24.2&#8243; _module_preset=\u00bbdefault\u00bb background_color=\u00bbRGBA(255,255,255,0)\u00bb background_enable_image=\u00bboff\u00bb width=\u00bb100%\u00bb max_width=\u00bb1920px\u00bb custom_margin=\u00bb0px|auto||auto|false|false\u00bb custom_padding=\u00bb0px||0px||false|false\u00bb global_colors_info=\u00bb{}\u00bb][et_pb_column type=\u00bb1_3&#8243; _builder_version=\u00bb4.24.2&#8243; _module_preset=\u00bbdefault\u00bb background_color=\u00bb#c9d1e6&#8243; background_image=\u00bbhttps:\/\/www.lolesgomez.com\/wp-content\/uploads\/2024\/03\/foto-loles-1.jpg\u00bb global_colors_info=\u00bb{}\u00bb][et_pb_image src=\u00bbhttps:\/\/www.lolesgomez.com\/wp-content\/uploads\/2024\/03\/foto-loles-1.jpg\u00bb title_text=\u00bbfoto-loles\u00bb _builder_version=\u00bb4.24.2&#8243; _module_preset=\u00bbdefault\u00bb max_width=\u00bb600px\u00bb custom_margin=\u00bb1px|||||\u00bb global_colors_info=\u00bb{}\u00bb][\/et_pb_image][\/et_pb_column][et_pb_column type=\u00bb1_3&#8243; _builder_version=\u00bb4.24.2&#8243; _module_preset=\u00bbdefault\u00bb background_color=\u00bb#66b551&#8243; global_colors_info=\u00bb{}\u00bb][et_pb_image src=\u00bbhttps:\/\/www.lolesgomez.com\/wp-content\/uploads\/2024\/03\/rghr.png\u00bb title_text=\u00bbrghr\u00bb align=\u00bbcenter\u00bb _builder_version=\u00bb4.24.2&#8243; _module_preset=\u00bbdefault\u00bb custom_margin=\u00bb31px|||0px|false|false\u00bb custom_padding=\u00bb||||false|false\u00bb animation_style=\u00bbslide\u00bb global_colors_info=\u00bb{}\u00bb][\/et_pb_image][et_pb_text _builder_version=\u00bb4.24.2&#8243; _module_preset=\u00bbdefault\u00bb text_font=\u00bb||||||||\u00bb text_text_color=\u00bb#FFFFFF\u00bb text_font_size=\u00bb35px\u00bb text_orientation=\u00bbcenter\u00bb max_width=\u00bb400px\u00bb module_alignment=\u00bbcenter\u00bb custom_margin=\u00bb28px|||0px|false|false\u00bb animation_style=\u00bbslide\u00bb global_colors_info=\u00bb{}\u00bb]<\/p>\n<p>SERVICIOS<\/p>\n<p>[\/et_pb_text][et_pb_text _builder_version=\u00bb4.24.2&#8243; _module_preset=\u00bbdefault\u00bb text_font=\u00bb|700|||||||\u00bb text_text_color=\u00bb#FFFFFF\u00bb text_font_size=\u00bb22px\u00bb max_width=\u00bb400px\u00bb module_alignment=\u00bbcenter\u00bb min_height=\u00bb15px\u00bb custom_margin=\u00bb||0px|0px|false|false\u00bb custom_padding=\u00bb15px|||39px||\u00bb animation_style=\u00bbslide\u00bb global_colors_info=\u00bb{}\u00bb]<\/p>\n<p>Visitas<\/p>\n<p>[\/et_pb_text][et_pb_text _builder_version=\u00bb4.24.2&#8243; _module_preset=\u00bbdefault\u00bb text_text_color=\u00bb#FFFFFF\u00bb max_width=\u00bb400px\u00bb module_alignment=\u00bbcenter\u00bb custom_margin=\u00bb||0px|0px|false|false\u00bb custom_padding=\u00bb|||54px||\u00bb animation_style=\u00bbslide\u00bb global_colors_info=\u00bb{}\u00bb]<\/p>\n<p><img loading=\"lazy\" decoding=\"async\" src=\"https:\/\/www.lolesgomez.com\/wp-content\/uploads\/2024\/03\/dbd.png\" width=\"12\" height=\"12\" alt=\"\" class=\"wp-image-147 alignnone size-full\" \/>\u00a0 Loles G\u00f3mez visita tu colegio.<br \/><img loading=\"lazy\" decoding=\"async\" src=\"https:\/\/www.lolesgomez.com\/wp-content\/uploads\/2024\/03\/dbd.png\" width=\"12\" height=\"12\" alt=\"\" class=\"wp-image-147 alignnone size-full\" \/>\u00a0 Asesoramiento para profesorado.<br \/><img loading=\"lazy\" decoding=\"async\" src=\"https:\/\/www.lolesgomez.com\/wp-content\/uploads\/2024\/03\/dbd.png\" width=\"12\" height=\"12\" alt=\"\" class=\"wp-image-147 alignnone size-full\" \/>\u00a0 Cuentacuentos con los estudiantes.<\/p>\n<p>[\/et_pb_text][\/et_pb_column][et_pb_column type=\u00bb1_3&#8243; _builder_version=\u00bb4.24.2&#8243; _module_preset=\u00bbdefault\u00bb background_color=\u00bb#823e88&#8243; global_colors_info=\u00bb{}\u00bb][et_pb_text _builder_version=\u00bb4.25.0&#8243; _module_preset=\u00bbdefault\u00bb text_font=\u00bb|700|||||||\u00bb text_text_color=\u00bb#FFFFFF\u00bb text_font_size=\u00bb22px\u00bb text_orientation=\u00bbcenter\u00bb max_width=\u00bb400px\u00bb module_alignment=\u00bbcenter\u00bb custom_margin=\u00bb216px|0px|9px||false|false\u00bb custom_margin_tablet=\u00bb20px||||false|false\u00bb custom_margin_phone=\u00bb20px||||false|false\u00bb custom_margin_last_edited=\u00bbon|tablet\u00bb custom_padding=\u00bb6px|||8px|false|false\u00bb animation_style=\u00bbslide\u00bb animation_direction=\u00bbright\u00bb global_colors_info=\u00bb{}\u00bb]<\/p>\n<p style=\"text-align: left;\">Asesoramientos<\/p>\n<p>[\/et_pb_text][et_pb_text _builder_version=\u00bb4.24.2&#8243; _module_preset=\u00bbdefault\u00bb text_text_color=\u00bb#FFFFFF\u00bb max_width=\u00bb400px\u00bb module_alignment=\u00bbcenter\u00bb custom_margin=\u00bb||||false|false\u00bb custom_padding=\u00bb|||12px|false|false\u00bb animation_style=\u00bbslide\u00bb animation_direction=\u00bbright\u00bb global_colors_info=\u00bb{}\u00bb]<\/p>\n<p><img loading=\"lazy\" decoding=\"async\" src=\"https:\/\/www.lolesgomez.com\/wp-content\/uploads\/2024\/03\/dbd.png\" width=\"12\" height=\"12\" alt=\"\" class=\"wp-image-147 alignnone size-full\" \/> Para trabajar las emociones con tus hijos.<br \/><img loading=\"lazy\" decoding=\"async\" src=\"https:\/\/www.lolesgomez.com\/wp-content\/uploads\/2024\/03\/dbd.png\" width=\"12\" height=\"12\" alt=\"\" class=\"wp-image-147 alignnone size-full\" \/> Para dise\u00f1ar actividades creativas y divertidas que desarrollar\u00e1n la competencia emocional en tus alumnos.<\/p>\n<p>[\/et_pb_text][\/et_pb_column][\/et_pb_row][\/et_pb_section]<\/p>\n","protected":false},"excerpt":{"rendered":"<p>As\u00ed soy yo\u2026\u201cMi objetivo diario; \u201cHacer que mis estudiantes sean felices\u201d. Orgullosa de ser galduriense, andaluza y espa\u00f1ola. Trabajo en la profesi\u00f3n m\u00e1s bonita del mundo, soy profesora y escritora. Considero que puedo cambiar el mundo a trav\u00e9s de mis estudiantes y de los lectores de mis cuentos. El poder favorecer la creaci\u00f3n de condiciones [&hellip;]<\/p>\n","protected":false},"author":2,"featured_media":0,"parent":0,"menu_order":0,"comment_status":"closed","ping_status":"closed","template":"","meta":{"_et_pb_use_builder":"on","_et_pb_old_content":"","_et_gb_content_width":"","footnotes":""},"class_list":["post-10","page","type-page","status-publish","hentry"],"_links":{"self":[{"href":"https:\/\/www.lolesgomez.com\/es\/wp-json\/wp\/v2\/pages\/10","targetHints":{"allow":["GET"]}}],"collection":[{"href":"https:\/\/www.lolesgomez.com\/es\/wp-json\/wp\/v2\/pages"}],"about":[{"href":"https:\/\/www.lolesgomez.com\/es\/wp-json\/wp\/v2\/types\/page"}],"author":[{"embeddable":true,"href":"https:\/\/www.lolesgomez.com\/es\/wp-json\/wp\/v2\/users\/2"}],"replies":[{"embeddable":true,"href":"https:\/\/www.lolesgomez.com\/es\/wp-json\/wp\/v2\/comments?post=10"}],"version-history":[{"count":62,"href":"https:\/\/www.lolesgomez.com\/es\/wp-json\/wp\/v2\/pages\/10\/revisions"}],"predecessor-version":[{"id":559,"href":"https:\/\/www.lolesgomez.com\/es\/wp-json\/wp\/v2\/pages\/10\/revisions\/559"}],"wp:attachment":[{"href":"https:\/\/www.lolesgomez.com\/es\/wp-json\/wp\/v2\/media?parent=10"}],"curies":[{"name":"wp","href":"https:\/\/api.w.org\/{rel}","templated":true}]}}