{"id":197,"date":"2024-03-13T08:29:08","date_gmt":"2024-03-13T13:29:08","guid":{"rendered":"https:\/\/www.lolesgomez.com\/?post_type=product&#038;p=197"},"modified":"2025-04-21T16:31:16","modified_gmt":"2025-04-21T21:31:16","slug":"un-tesoro-llamado-amistad","status":"publish","type":"product","link":"https:\/\/www.lolesgomez.com\/es\/libros\/un-tesoro-llamado-amistad\/","title":{"rendered":"Un tesoro llamado amistad"},"content":{"rendered":"","protected":false},"excerpt":{"rendered":"<p>En edades tempranas la amistad constituye un pilar fundamental para el desarrollo psicosocial del ni\u00f1o. los ni\u00f1os lectores de este cuento podr\u00e1n identificar cu\u00e1les son los verdaderos valores de la amistad, ayud\u00e1ndoles a visualizar quien re\u00fane esas condiciones y as\u00ed fundamentar su criterio para su posterior elecci\u00f3n.<\/p>\n","protected":false},"featured_media":202,"comment_status":"open","ping_status":"closed","template":"","meta":{"_et_pb_use_builder":"","_et_pb_old_content":"","_et_gb_content_width":""},"product_brand":[],"product_cat":[24],"product_tag":[],"class_list":{"0":"post-197","1":"product","2":"type-product","3":"status-publish","4":"has-post-thumbnail","6":"product_cat-libros","8":"first","9":"instock","10":"shipping-taxable","11":"product-type-external"},"_links":{"self":[{"href":"https:\/\/www.lolesgomez.com\/es\/wp-json\/wp\/v2\/product\/197","targetHints":{"allow":["GET"]}}],"collection":[{"href":"https:\/\/www.lolesgomez.com\/es\/wp-json\/wp\/v2\/product"}],"about":[{"href":"https:\/\/www.lolesgomez.com\/es\/wp-json\/wp\/v2\/types\/product"}],"replies":[{"embeddable":true,"href":"https:\/\/www.lolesgomez.com\/es\/wp-json\/wp\/v2\/comments?post=197"}],"wp:featuredmedia":[{"embeddable":true,"href":"https:\/\/www.lolesgomez.com\/es\/wp-json\/wp\/v2\/media\/202"}],"wp:attachment":[{"href":"https:\/\/www.lolesgomez.com\/es\/wp-json\/wp\/v2\/media?parent=197"}],"wp:term":[{"taxonomy":"product_brand","embeddable":true,"href":"https:\/\/www.lolesgomez.com\/es\/wp-json\/wp\/v2\/product_brand?post=197"},{"taxonomy":"product_cat","embeddable":true,"href":"https:\/\/www.lolesgomez.com\/es\/wp-json\/wp\/v2\/product_cat?post=197"},{"taxonomy":"product_tag","embeddable":true,"href":"https:\/\/www.lolesgomez.com\/es\/wp-json\/wp\/v2\/product_tag?post=197"}],"curies":[{"name":"wp","href":"https:\/\/api.w.org\/{rel}","templated":true}]}}