{"id":203,"date":"2024-03-13T08:28:31","date_gmt":"2024-03-13T13:28:31","guid":{"rendered":"https:\/\/www.lolesgomez.com\/?post_type=product&#038;p=203"},"modified":"2025-04-21T16:30:50","modified_gmt":"2025-04-21T21:30:50","slug":"tu-poder-esta-en-tu-actitud","status":"publish","type":"product","link":"https:\/\/www.lolesgomez.com\/es\/libros\/tu-poder-esta-en-tu-actitud\/","title":{"rendered":"Tu poder est\u00e1 en tu actitud"},"content":{"rendered":"","protected":false},"excerpt":{"rendered":"<p>Un problema por su naturaleza no puede cambiar por s\u00ed mismo, pero s\u00ed la actitud con la que lo afrontemos. El lector de este cuento podr\u00e1 realizar un experimento que le cambiar\u00e1 no solo su forma de pensar si no que podr\u00e1 determinar de forma divertida y r\u00e1pida las posibles soluciones ante cualquier conflicto.<\/p>\n","protected":false},"featured_media":201,"comment_status":"open","ping_status":"closed","template":"","meta":{"_et_pb_use_builder":"","_et_pb_old_content":"","_et_gb_content_width":""},"product_brand":[],"product_cat":[24],"product_tag":[],"class_list":{"0":"post-203","1":"product","2":"type-product","3":"status-publish","4":"has-post-thumbnail","6":"product_cat-libros","8":"first","9":"instock","10":"shipping-taxable","11":"product-type-external"},"_links":{"self":[{"href":"https:\/\/www.lolesgomez.com\/es\/wp-json\/wp\/v2\/product\/203","targetHints":{"allow":["GET"]}}],"collection":[{"href":"https:\/\/www.lolesgomez.com\/es\/wp-json\/wp\/v2\/product"}],"about":[{"href":"https:\/\/www.lolesgomez.com\/es\/wp-json\/wp\/v2\/types\/product"}],"replies":[{"embeddable":true,"href":"https:\/\/www.lolesgomez.com\/es\/wp-json\/wp\/v2\/comments?post=203"}],"wp:featuredmedia":[{"embeddable":true,"href":"https:\/\/www.lolesgomez.com\/es\/wp-json\/wp\/v2\/media\/201"}],"wp:attachment":[{"href":"https:\/\/www.lolesgomez.com\/es\/wp-json\/wp\/v2\/media?parent=203"}],"wp:term":[{"taxonomy":"product_brand","embeddable":true,"href":"https:\/\/www.lolesgomez.com\/es\/wp-json\/wp\/v2\/product_brand?post=203"},{"taxonomy":"product_cat","embeddable":true,"href":"https:\/\/www.lolesgomez.com\/es\/wp-json\/wp\/v2\/product_cat?post=203"},{"taxonomy":"product_tag","embeddable":true,"href":"https:\/\/www.lolesgomez.com\/es\/wp-json\/wp\/v2\/product_tag?post=203"}],"curies":[{"name":"wp","href":"https:\/\/api.w.org\/{rel}","templated":true}]}}