{"id":204,"date":"2024-03-13T08:28:13","date_gmt":"2024-03-13T13:28:13","guid":{"rendered":"https:\/\/www.lolesgomez.com\/?post_type=product&#038;p=204"},"modified":"2025-04-21T16:30:21","modified_gmt":"2025-04-21T21:30:21","slug":"tu-mayor-fuerzatu-voluntad","status":"publish","type":"product","link":"https:\/\/www.lolesgomez.com\/es\/libros\/tu-mayor-fuerzatu-voluntad\/","title":{"rendered":"Tu mayor fuerza\u2026tu voluntad"},"content":{"rendered":"","protected":false},"excerpt":{"rendered":"<p>Si hay un camino que nos lleva directo a nuestro sue\u00f1o ese es el camino de la voluntad. Con la voluntad llegar\u00e1s a donde quieras. Este cuento ense\u00f1a de forma l\u00fadica porque es necesario entrenar la voluntad, que nos aporta y c\u00f3mo podemos conseguirla, d\u00e1ndonos estrategias f\u00e1ciles y \u00fatiles para hacer de nuestro sue\u00f1o una realidad.<\/p>\n","protected":false},"featured_media":200,"comment_status":"open","ping_status":"closed","template":"","meta":{"_et_pb_use_builder":"","_et_pb_old_content":"","_et_gb_content_width":""},"product_brand":[],"product_cat":[24],"product_tag":[],"class_list":{"0":"post-204","1":"product","2":"type-product","3":"status-publish","4":"has-post-thumbnail","6":"product_cat-libros","8":"first","9":"instock","10":"shipping-taxable","11":"product-type-external"},"_links":{"self":[{"href":"https:\/\/www.lolesgomez.com\/es\/wp-json\/wp\/v2\/product\/204","targetHints":{"allow":["GET"]}}],"collection":[{"href":"https:\/\/www.lolesgomez.com\/es\/wp-json\/wp\/v2\/product"}],"about":[{"href":"https:\/\/www.lolesgomez.com\/es\/wp-json\/wp\/v2\/types\/product"}],"replies":[{"embeddable":true,"href":"https:\/\/www.lolesgomez.com\/es\/wp-json\/wp\/v2\/comments?post=204"}],"wp:featuredmedia":[{"embeddable":true,"href":"https:\/\/www.lolesgomez.com\/es\/wp-json\/wp\/v2\/media\/200"}],"wp:attachment":[{"href":"https:\/\/www.lolesgomez.com\/es\/wp-json\/wp\/v2\/media?parent=204"}],"wp:term":[{"taxonomy":"product_brand","embeddable":true,"href":"https:\/\/www.lolesgomez.com\/es\/wp-json\/wp\/v2\/product_brand?post=204"},{"taxonomy":"product_cat","embeddable":true,"href":"https:\/\/www.lolesgomez.com\/es\/wp-json\/wp\/v2\/product_cat?post=204"},{"taxonomy":"product_tag","embeddable":true,"href":"https:\/\/www.lolesgomez.com\/es\/wp-json\/wp\/v2\/product_tag?post=204"}],"curies":[{"name":"wp","href":"https:\/\/api.w.org\/{rel}","templated":true}]}}